{"id":2500,"date":"2024-02-23T10:42:29","date_gmt":"2024-02-23T09:42:29","guid":{"rendered":"https:\/\/christophesarlandie-com.dev.hiteo.cloud\/home\/"},"modified":"2026-04-11T11:39:43","modified_gmt":"2026-04-11T09:39:43","slug":"home","status":"publish","type":"page","link":"https:\/\/christophesarlandie.com\/en\/","title":{"rendered":"Home"},"content":{"rendered":"\t\t<div data-elementor-type=\"wp-page\" data-elementor-id=\"2500\" class=\"elementor elementor-2500 elementor-17\" data-elementor-post-type=\"page\">\n\t\t\t\t<div class=\"elementor-element elementor-element-bdbf0ca e-flex e-con-boxed e-con e-parent\" data-id=\"bdbf0ca\" data-element_type=\"container\" data-e-type=\"container\">\n\t\t\t\t\t<div class=\"e-con-inner\">\n\t\t<div class=\"elementor-element elementor-element-83dd068 e-con-full e-flex e-con e-child\" data-id=\"83dd068\" data-element_type=\"container\" data-e-type=\"container\">\n\t\t<div class=\"elementor-element elementor-element-a462f5b e-con-full e-flex e-con e-child\" data-id=\"a462f5b\" data-element_type=\"container\" data-e-type=\"container\">\n\t\t\t\t<div class=\"elementor-element elementor-element-be9ab92 elementor-hidden-tablet elementor-hidden-mobile elementor-widget elementor-widget-image\" data-id=\"be9ab92\" data-element_type=\"widget\" data-e-type=\"widget\" data-widget_type=\"image.default\">\n\t\t\t\t<div class=\"elementor-widget-container\">\n\t\t\t\t\t\t\t\t\t\t\t\t\t\t\t<img fetchpriority=\"high\" decoding=\"async\" width=\"800\" height=\"394\" src=\"https:\/\/christophesarlandie.com\/wp-content\/uploads\/2024\/02\/logo-christophe-sarlandie-architecte-dinterieur.svg\" class=\"attachment-large size-large wp-image-599\" alt=\"architecte d&#039;int\u00e9rieur Lyon r\u00e9novation luxe Christophe Sarlandie\" \/>\t\t\t\t\t\t\t\t\t\t\t\t\t\t\t<\/div>\n\t\t\t\t<\/div>\n\t\t\t\t<div class=\"elementor-element elementor-element-c9e905a elementor-widget elementor-widget-text-editor\" data-id=\"c9e905a\" data-element_type=\"widget\" data-e-type=\"widget\" data-widget_type=\"text-editor.default\">\n\t\t\t\t<div class=\"elementor-widget-container\">\n\t\t\t\t\t\t\t\t\t<h5><strong>Interior architect<\/strong> <strong>Lyon \u2013 Pays de Gex<\/strong><\/h5><h5><strong>Complete renovation and project management <\/strong><\/h5><p data-start=\"418\" data-end=\"653\">As an interior architect in <strong data-start=\"443\" data-end=\"474\"><a href=\"https:\/\/www.google.com\/maps\/place\/\/data=!4m2!3m1!1s0x47f4ebbc46cf0c81:0x1e6b6e1477eae73a?sa=X&amp;ved=1t:8290&amp;ictx=111\">Lyon<\/a><\/strong> and the<strong><a href=\"https:\/\/www.google.com\/maps\/place\/Christophe+Sarlandie+architecte+d'int%C3%A9rieur+reconnu+CFAI+et+VSI.ASAI.\/@46.3530339,6.1373528,1080m\/data=!3m2!1e3!4b1!4m6!3m5!1s0x478c5dc0f2071915:0x31ae1dad4da78223!8m2!3d46.3530339!4d6.1399331!16s%2Fg%2F11w8227c_7?entry=ttu&amp;g_ep=EgoyMDI0MDgyOC4wIKXMDSoASAFQAw%3D%3D\"> Pays de Gex<\/a><\/strong>, I specialize in the <strong data-start=\"503\" data-end=\"581\"><a href=\"https:\/\/christophesarlandie.com\/en\/contemporary-apartment-lyon\/\">complete renovation of apartments<\/a>, <a href=\"https:\/\/christophesarlandie.com\/en\/orange-house-geneva-area\/\">houses<\/a> and <a href=\"https:\/\/christophesarlandie.com\/en\/about\/#methode\">professional spaces<\/a><\/strong>, providing <strong data-start=\"597\" data-end=\"617\">project management<\/strong> services from design to completion.<\/p><p>I support<strong> rigorous projects <\/strong>requiring a comprehensive approach, integrating volume organization, technical choices, budget control and site monitoring, in order to ensure <strong>perfect consistency<\/strong> between design and execution.<\/p><p>Each project is considered as a specific response to a place and a way of life, in a search for a balance between architectural <strong>quality<\/strong>, <strong>appropriateness <\/strong>of spaces and <strong>sustainability<\/strong> of choices.<\/p><p><a href=\"https:\/\/calendly.com\/architectureinterieure\/30min\"><strong data-start=\"1085\" data-end=\"1117\">Let&#8217;s discuss your project.<\/strong><\/a><\/p><h5> <\/h5><p data-section-id=\"1ldmyh7\" data-start=\"314\" data-end=\"392\"> <\/p>\t\t\t\t\t\t\t\t<\/div>\n\t\t\t\t<\/div>\n\t\t\t\t<\/div>\n\t\t<div class=\"elementor-element elementor-element-84ad128 e-con-full e-flex e-con e-child\" data-id=\"84ad128\" data-element_type=\"container\" data-e-type=\"container\">\n\t\t\t\t<div class=\"elementor-element elementor-element-8da19d5 elementor-mobile-align-center elementor-widget__width-initial elementor-widget-tablet__width-inherit elementor-icon-list--layout-traditional elementor-list-item-link-full_width elementor-widget elementor-widget-icon-list\" data-id=\"8da19d5\" data-element_type=\"widget\" data-e-type=\"widget\" data-widget_type=\"icon-list.default\">\n\t\t\t\t<div class=\"elementor-widget-container\">\n\t\t\t\t\t\t\t<ul class=\"elementor-icon-list-items\">\n\t\t\t\t\t\t\t<li class=\"elementor-icon-list-item\">\n\t\t\t\t\t\t\t\t\t\t\t<span class=\"elementor-icon-list-icon\">\n\t\t\t\t\t\t\t<i aria-hidden=\"true\" class=\"fas fa-square-full\"><\/i>\t\t\t\t\t\t<\/span>\n\t\t\t\t\t\t\t\t\t\t<span class=\"elementor-icon-list-text\">Project manager<\/span>\n\t\t\t\t\t\t\t\t\t<\/li>\n\t\t\t\t\t\t<\/ul>\n\t\t\t\t\t\t<\/div>\n\t\t\t\t<\/div>\n\t\t\t\t<div class=\"elementor-element elementor-element-93faa13 elementor-mobile-align-center elementor-widget__width-initial elementor-widget-tablet__width-inherit elementor-icon-list--layout-traditional elementor-list-item-link-full_width elementor-widget elementor-widget-icon-list\" data-id=\"93faa13\" data-element_type=\"widget\" data-e-type=\"widget\" data-widget_type=\"icon-list.default\">\n\t\t\t\t<div class=\"elementor-widget-container\">\n\t\t\t\t\t\t\t<ul class=\"elementor-icon-list-items\">\n\t\t\t\t\t\t\t<li class=\"elementor-icon-list-item\">\n\t\t\t\t\t\t\t\t\t\t\t<span class=\"elementor-icon-list-icon\">\n\t\t\t\t\t\t\t<i aria-hidden=\"true\" class=\"fas fa-square-full\"><\/i>\t\t\t\t\t\t<\/span>\n\t\t\t\t\t\t\t\t\t\t<span class=\"elementor-icon-list-text\">Gradueted designer<\/span>\n\t\t\t\t\t\t\t\t\t<\/li>\n\t\t\t\t\t\t<\/ul>\n\t\t\t\t\t\t<\/div>\n\t\t\t\t<\/div>\n\t\t\t\t<div class=\"elementor-element elementor-element-86cf6b3 elementor-mobile-align-center elementor-widget__width-initial elementor-widget-tablet__width-inherit elementor-icon-list--layout-traditional elementor-list-item-link-full_width elementor-widget elementor-widget-icon-list\" data-id=\"86cf6b3\" data-element_type=\"widget\" data-e-type=\"widget\" data-widget_type=\"icon-list.default\">\n\t\t\t\t<div class=\"elementor-widget-container\">\n\t\t\t\t\t\t\t<ul class=\"elementor-icon-list-items\">\n\t\t\t\t\t\t\t<li class=\"elementor-icon-list-item\">\n\t\t\t\t\t\t\t\t\t\t\t<span class=\"elementor-icon-list-icon\">\n\t\t\t\t\t\t\t<i aria-hidden=\"true\" class=\"fas fa-square-full\"><\/i>\t\t\t\t\t\t<\/span>\n\t\t\t\t\t\t\t\t\t\t<span class=\"elementor-icon-list-text\">Ten years insurance <\/span>\n\t\t\t\t\t\t\t\t\t<\/li>\n\t\t\t\t\t\t<\/ul>\n\t\t\t\t\t\t<\/div>\n\t\t\t\t<\/div>\n\t\t\t\t<div class=\"elementor-element elementor-element-07a9702 elementor-mobile-align-center elementor-widget__width-initial elementor-widget-tablet__width-inherit elementor-icon-list--layout-traditional elementor-list-item-link-full_width elementor-widget elementor-widget-icon-list\" data-id=\"07a9702\" data-element_type=\"widget\" data-e-type=\"widget\" data-widget_type=\"icon-list.default\">\n\t\t\t\t<div class=\"elementor-widget-container\">\n\t\t\t\t\t\t\t<ul class=\"elementor-icon-list-items\">\n\t\t\t\t\t\t\t<li class=\"elementor-icon-list-item\">\n\t\t\t\t\t\t\t\t\t\t\t<span class=\"elementor-icon-list-icon\">\n\t\t\t\t\t\t\t<i aria-hidden=\"true\" class=\"fas fa-square-full\"><\/i>\t\t\t\t\t\t<\/span>\n\t\t\t\t\t\t\t\t\t\t<span class=\"elementor-icon-list-text\">Since 2009<\/span>\n\t\t\t\t\t\t\t\t\t<\/li>\n\t\t\t\t\t\t<\/ul>\n\t\t\t\t\t\t<\/div>\n\t\t\t\t<\/div>\n\t\t\t\t<\/div>\n\t\t\t\t<div class=\"elementor-element elementor-element-dadad13 elementor-widget elementor-widget-heading\" data-id=\"dadad13\" data-element_type=\"widget\" data-e-type=\"widget\" data-widget_type=\"heading.default\">\n\t\t\t\t<div class=\"elementor-widget-container\">\n\t\t\t\t\t<h1 class=\"elementor-heading-title elementor-size-default\">Atelier Christophe Sarlandie, Interior Architect CFAI<\/h1>\t\t\t\t<\/div>\n\t\t\t\t<\/div>\n\t\t\t\t<\/div>\n\t\t<div class=\"elementor-element elementor-element-e81f337 e-con-full e-flex e-con e-child\" data-id=\"e81f337\" data-element_type=\"container\" data-e-type=\"container\">\n\t\t\t\t<div class=\"elementor-element elementor-element-61576ea elementor-widget__width-auto elementor-absolute e-transform elementor-widget-divider--view-line elementor-widget elementor-widget-divider\" data-id=\"61576ea\" data-element_type=\"widget\" data-e-type=\"widget\" data-settings=\"{&quot;_position&quot;:&quot;absolute&quot;,&quot;_transform_rotateZ_effect&quot;:{&quot;unit&quot;:&quot;px&quot;,&quot;size&quot;:90,&quot;sizes&quot;:[]},&quot;_transform_rotateZ_effect_tablet&quot;:{&quot;unit&quot;:&quot;deg&quot;,&quot;size&quot;:&quot;&quot;,&quot;sizes&quot;:[]},&quot;_transform_rotateZ_effect_mobile&quot;:{&quot;unit&quot;:&quot;deg&quot;,&quot;size&quot;:&quot;&quot;,&quot;sizes&quot;:[]}}\" data-widget_type=\"divider.default\">\n\t\t\t\t<div class=\"elementor-widget-container\">\n\t\t\t\t\t\t\t<div class=\"elementor-divider\">\n\t\t\t<span class=\"elementor-divider-separator\">\n\t\t\t\t\t\t<\/span>\n\t\t<\/div>\n\t\t\t\t\t\t<\/div>\n\t\t\t\t<\/div>\n\t\t\t\t<div class=\"elementor-element elementor-element-99ab842 elementor--h-position-center elementor--v-position-middle elementor-widget elementor-widget-slides\" data-id=\"99ab842\" data-element_type=\"widget\" data-e-type=\"widget\" data-settings=\"{&quot;navigation&quot;:&quot;none&quot;,&quot;transition_speed&quot;:350,&quot;transition&quot;:&quot;fade&quot;,&quot;autoplay_speed&quot;:1600,&quot;autoplay&quot;:&quot;yes&quot;,&quot;infinite&quot;:&quot;yes&quot;}\" data-widget_type=\"slides.default\">\n\t\t\t\t<div class=\"elementor-widget-container\">\n\t\t\t\t\t\t\t\t\t<div class=\"elementor-swiper\">\n\t\t\t\t\t<div class=\"elementor-slides-wrapper elementor-main-swiper swiper\" role=\"region\" aria-roledescription=\"carousel\" aria-label=\"Diapositives\" dir=\"ltr\" data-animation=\"fadeInUp\">\n\t\t\t\t<div class=\"swiper-wrapper elementor-slides\">\n\t\t\t\t\t\t\t\t\t\t<div class=\"elementor-repeater-item-34526ff swiper-slide\" role=\"group\" aria-roledescription=\"slide\"><div class=\"swiper-slide-bg\" role=\"img\" aria-label=\"christophe-sarlandie-architecte-int\u00e9rieur-design-CFAI-LYON-Divonne-les-bains-r\u00e9novation-appartement-AB02-lt\"><\/div><div class=\"swiper-slide-inner\" ><div class=\"swiper-slide-contents\"><\/div><\/div><\/div><div class=\"elementor-repeater-item-21bf74b swiper-slide\" role=\"group\" aria-roledescription=\"slide\"><div class=\"swiper-slide-bg\" role=\"img\" aria-label=\"salon minimaliste r\u00e9novation maison luxe Gex architecte int\u00e9rieur\"><\/div><div class=\"swiper-slide-inner\" ><div class=\"swiper-slide-contents\"><\/div><\/div><\/div><div class=\"elementor-repeater-item-8f56b87 swiper-slide\" role=\"group\" aria-roledescription=\"slide\"><div class=\"swiper-slide-bg\" role=\"img\" aria-label=\"Contacter l&#039;atelier de Christophe sarlandie \u00e0 Lyon\"><\/div><div class=\"swiper-slide-inner\" ><div class=\"swiper-slide-contents\"><\/div><\/div><\/div><div class=\"elementor-repeater-item-42f640b swiper-slide\" role=\"group\" aria-roledescription=\"slide\"><div class=\"swiper-slide-bg\" role=\"img\" aria-label=\"s\u00e9jour classique r\u00e9novation appartement lyon architecte int\u00e9rieur\"><\/div><div class=\"swiper-slide-inner\" ><div class=\"swiper-slide-contents\"><\/div><\/div><\/div><div class=\"elementor-repeater-item-3c065f2 swiper-slide\" role=\"group\" aria-roledescription=\"slide\"><div class=\"swiper-slide-bg\" role=\"img\" aria-label=\"salonn minimaliste renovation appartement lyon architecte interieur\"><\/div><div class=\"swiper-slide-inner\" ><div class=\"swiper-slide-contents\"><\/div><\/div><\/div><div class=\"elementor-repeater-item-34e6705 swiper-slide\" role=\"group\" aria-roledescription=\"slide\"><div class=\"swiper-slide-bg\" role=\"img\" aria-label=\"christophe-sarlandie-architecte-int\u00e9rieur-design-CFAI-LYON-Divonne-les-bains-r\u00e9novation-appartement-AB11-lt\"><\/div><div class=\"swiper-slide-inner\" ><div class=\"swiper-slide-contents\"><\/div><\/div><\/div><div class=\"elementor-repeater-item-f1a8c7e swiper-slide\" role=\"group\" aria-roledescription=\"slide\"><div class=\"swiper-slide-bg\" role=\"img\" aria-label=\"sarlandie-projet-architecture-interieure-decoration.cfai.appartement.0010\"><\/div><div class=\"swiper-slide-inner\" ><div class=\"swiper-slide-contents\"><\/div><\/div><\/div>\t\t\t\t<\/div>\n\t\t\t\t\t\t\t\t\t\t\t\t\t\t\t\t\t\t\t\t\t<\/div>\n\t\t\t\t<\/div>\n\t\t\t\t\t\t\t\t<\/div>\n\t\t\t\t<\/div>\n\t\t\t\t<\/div>\n\t\t\t\t\t<\/div>\n\t\t\t\t<\/div>\n\t\t\t\t<\/div>\n\t\t","protected":false},"excerpt":{"rendered":"<p>Interior architect Lyon \u2013 Pays de Gex Complete renovation and project management As an interior architect in Lyon and the Pays de Gex, I specialize in the complete renovation of apartments, houses and professional spaces, providing project management services from design to completion. I support rigorous projects requiring a comprehensive approach, integrating volume organization, technical [&hellip;]<\/p>\n","protected":false},"author":1,"featured_media":599,"parent":0,"menu_order":0,"comment_status":"closed","ping_status":"closed","template":"","meta":{"_acf_changed":false,"inline_featured_image":false,"footnotes":""},"class_list":["post-2500","page","type-page","status-publish","has-post-thumbnail","hentry"],"acf":[],"yoast_head":"<!-- This site is optimized with the Yoast SEO plugin v27.4 - https:\/\/yoast.com\/product\/yoast-seo-wordpress\/ -->\n<title>Interior architect in Lyon \u2013 Complete renovation and project management<\/title>\n<meta name=\"description\" content=\"Interior architect in Lyon and Gex, specializing in complete apartment and house renovations. Custom design, project management and site supervision.\" \/>\n<meta name=\"robots\" content=\"index, follow, max-snippet:-1, max-image-preview:large, max-video-preview:-1\" \/>\n<link rel=\"canonical\" href=\"https:\/\/christophesarlandie.com\/en\/\" \/>\n<meta property=\"og:locale\" content=\"en_US\" \/>\n<meta property=\"og:type\" content=\"article\" \/>\n<meta property=\"og:title\" content=\"Interior architect in Lyon \u2013 Complete renovation and project management\" \/>\n<meta property=\"og:description\" content=\"Interior architect in Lyon and Gex, specializing in complete apartment and house renovations. Custom design, project management and site supervision.\" \/>\n<meta property=\"og:url\" content=\"https:\/\/christophesarlandie.com\/en\/\" \/>\n<meta property=\"og:site_name\" content=\"Christophe Sarlandie\" \/>\n<meta property=\"article:modified_time\" content=\"2026-04-11T09:39:43+00:00\" \/>\n<meta name=\"twitter:card\" content=\"summary_large_image\" \/>\n<meta name=\"twitter:label1\" content=\"Est. reading time\" \/>\n\t<meta name=\"twitter:data1\" content=\"1 minute\" \/>\n<script type=\"application\/ld+json\" class=\"yoast-schema-graph\">{\"@context\":\"https:\\\/\\\/schema.org\",\"@graph\":[{\"@type\":\"WebPage\",\"@id\":\"https:\\\/\\\/christophesarlandie.com\\\/en\\\/\",\"url\":\"https:\\\/\\\/christophesarlandie.com\\\/en\\\/\",\"name\":\"Interior architect in Lyon \u2013 Complete renovation and project management\",\"isPartOf\":{\"@id\":\"https:\\\/\\\/christophesarlandie.com\\\/en\\\/#website\"},\"primaryImageOfPage\":{\"@id\":\"https:\\\/\\\/christophesarlandie.com\\\/en\\\/#primaryimage\"},\"image\":{\"@id\":\"https:\\\/\\\/christophesarlandie.com\\\/en\\\/#primaryimage\"},\"thumbnailUrl\":\"https:\\\/\\\/christophesarlandie.com\\\/wp-content\\\/uploads\\\/2024\\\/02\\\/logo-christophe-sarlandie-architecte-dinterieur.svg\",\"datePublished\":\"2024-02-23T09:42:29+00:00\",\"dateModified\":\"2026-04-11T09:39:43+00:00\",\"description\":\"Interior architect in Lyon and Gex, specializing in complete apartment and house renovations. Custom design, project management and site supervision.\",\"breadcrumb\":{\"@id\":\"https:\\\/\\\/christophesarlandie.com\\\/en\\\/#breadcrumb\"},\"inLanguage\":\"en-US\",\"potentialAction\":[{\"@type\":\"ReadAction\",\"target\":[\"https:\\\/\\\/christophesarlandie.com\\\/en\\\/\"]}]},{\"@type\":\"ImageObject\",\"inLanguage\":\"en-US\",\"@id\":\"https:\\\/\\\/christophesarlandie.com\\\/en\\\/#primaryimage\",\"url\":\"https:\\\/\\\/christophesarlandie.com\\\/wp-content\\\/uploads\\\/2024\\\/02\\\/logo-christophe-sarlandie-architecte-dinterieur.svg\",\"contentUrl\":\"https:\\\/\\\/christophesarlandie.com\\\/wp-content\\\/uploads\\\/2024\\\/02\\\/logo-christophe-sarlandie-architecte-dinterieur.svg\",\"width\":566,\"height\":279,\"caption\":\"Logo Christophe Sarlandie, architecte d'int\u00e9rieur \u00e0 Lyon\"},{\"@type\":\"BreadcrumbList\",\"@id\":\"https:\\\/\\\/christophesarlandie.com\\\/en\\\/#breadcrumb\",\"itemListElement\":[{\"@type\":\"ListItem\",\"position\":1,\"name\":\"Accueil\",\"item\":\"https:\\\/\\\/christophesarlandie.com\\\/en\\\/home\\\/\"},{\"@type\":\"ListItem\",\"position\":2,\"name\":\"Home\"}]},{\"@type\":\"WebSite\",\"@id\":\"https:\\\/\\\/christophesarlandie.com\\\/en\\\/#website\",\"url\":\"https:\\\/\\\/christophesarlandie.com\\\/en\\\/\",\"name\":\"Christophe Sarlandie\",\"description\":\"Un site utilisant WordPress\",\"publisher\":{\"@id\":\"https:\\\/\\\/christophesarlandie.com\\\/en\\\/#organization\"},\"potentialAction\":[{\"@type\":\"SearchAction\",\"target\":{\"@type\":\"EntryPoint\",\"urlTemplate\":\"https:\\\/\\\/christophesarlandie.com\\\/en\\\/?s={search_term_string}\"},\"query-input\":{\"@type\":\"PropertyValueSpecification\",\"valueRequired\":true,\"valueName\":\"search_term_string\"}}],\"inLanguage\":\"en-US\"},{\"@type\":\"Organization\",\"@id\":\"https:\\\/\\\/christophesarlandie.com\\\/en\\\/#organization\",\"name\":\"Christophe Sarlandie\",\"url\":\"https:\\\/\\\/christophesarlandie.com\\\/en\\\/\",\"logo\":{\"@type\":\"ImageObject\",\"inLanguage\":\"en-US\",\"@id\":\"https:\\\/\\\/christophesarlandie.com\\\/en\\\/#\\\/schema\\\/logo\\\/image\\\/\",\"url\":\"https:\\\/\\\/christophesarlandie.com\\\/wp-content\\\/uploads\\\/2024\\\/02\\\/logo-christophe-sarlandie-architecte-dinterieur.svg\",\"contentUrl\":\"https:\\\/\\\/christophesarlandie.com\\\/wp-content\\\/uploads\\\/2024\\\/02\\\/logo-christophe-sarlandie-architecte-dinterieur.svg\",\"width\":566,\"height\":279,\"caption\":\"Christophe Sarlandie\"},\"image\":{\"@id\":\"https:\\\/\\\/christophesarlandie.com\\\/en\\\/#\\\/schema\\\/logo\\\/image\\\/\"}}]}<\/script>\n<!-- \/ Yoast SEO plugin. -->","yoast_head_json":{"title":"Interior architect in Lyon \u2013 Complete renovation and project management","description":"Interior architect in Lyon and Gex, specializing in complete apartment and house renovations. Custom design, project management and site supervision.","robots":{"index":"index","follow":"follow","max-snippet":"max-snippet:-1","max-image-preview":"max-image-preview:large","max-video-preview":"max-video-preview:-1"},"canonical":"https:\/\/christophesarlandie.com\/en\/","og_locale":"en_US","og_type":"article","og_title":"Interior architect in Lyon \u2013 Complete renovation and project management","og_description":"Interior architect in Lyon and Gex, specializing in complete apartment and house renovations. Custom design, project management and site supervision.","og_url":"https:\/\/christophesarlandie.com\/en\/","og_site_name":"Christophe Sarlandie","article_modified_time":"2026-04-11T09:39:43+00:00","twitter_card":"summary_large_image","twitter_misc":{"Est. reading time":"1 minute"},"schema":{"@context":"https:\/\/schema.org","@graph":[{"@type":"WebPage","@id":"https:\/\/christophesarlandie.com\/en\/","url":"https:\/\/christophesarlandie.com\/en\/","name":"Interior architect in Lyon \u2013 Complete renovation and project management","isPartOf":{"@id":"https:\/\/christophesarlandie.com\/en\/#website"},"primaryImageOfPage":{"@id":"https:\/\/christophesarlandie.com\/en\/#primaryimage"},"image":{"@id":"https:\/\/christophesarlandie.com\/en\/#primaryimage"},"thumbnailUrl":"https:\/\/christophesarlandie.com\/wp-content\/uploads\/2024\/02\/logo-christophe-sarlandie-architecte-dinterieur.svg","datePublished":"2024-02-23T09:42:29+00:00","dateModified":"2026-04-11T09:39:43+00:00","description":"Interior architect in Lyon and Gex, specializing in complete apartment and house renovations. Custom design, project management and site supervision.","breadcrumb":{"@id":"https:\/\/christophesarlandie.com\/en\/#breadcrumb"},"inLanguage":"en-US","potentialAction":[{"@type":"ReadAction","target":["https:\/\/christophesarlandie.com\/en\/"]}]},{"@type":"ImageObject","inLanguage":"en-US","@id":"https:\/\/christophesarlandie.com\/en\/#primaryimage","url":"https:\/\/christophesarlandie.com\/wp-content\/uploads\/2024\/02\/logo-christophe-sarlandie-architecte-dinterieur.svg","contentUrl":"https:\/\/christophesarlandie.com\/wp-content\/uploads\/2024\/02\/logo-christophe-sarlandie-architecte-dinterieur.svg","width":566,"height":279,"caption":"Logo Christophe Sarlandie, architecte d'int\u00e9rieur \u00e0 Lyon"},{"@type":"BreadcrumbList","@id":"https:\/\/christophesarlandie.com\/en\/#breadcrumb","itemListElement":[{"@type":"ListItem","position":1,"name":"Accueil","item":"https:\/\/christophesarlandie.com\/en\/home\/"},{"@type":"ListItem","position":2,"name":"Home"}]},{"@type":"WebSite","@id":"https:\/\/christophesarlandie.com\/en\/#website","url":"https:\/\/christophesarlandie.com\/en\/","name":"Christophe Sarlandie","description":"Un site utilisant WordPress","publisher":{"@id":"https:\/\/christophesarlandie.com\/en\/#organization"},"potentialAction":[{"@type":"SearchAction","target":{"@type":"EntryPoint","urlTemplate":"https:\/\/christophesarlandie.com\/en\/?s={search_term_string}"},"query-input":{"@type":"PropertyValueSpecification","valueRequired":true,"valueName":"search_term_string"}}],"inLanguage":"en-US"},{"@type":"Organization","@id":"https:\/\/christophesarlandie.com\/en\/#organization","name":"Christophe Sarlandie","url":"https:\/\/christophesarlandie.com\/en\/","logo":{"@type":"ImageObject","inLanguage":"en-US","@id":"https:\/\/christophesarlandie.com\/en\/#\/schema\/logo\/image\/","url":"https:\/\/christophesarlandie.com\/wp-content\/uploads\/2024\/02\/logo-christophe-sarlandie-architecte-dinterieur.svg","contentUrl":"https:\/\/christophesarlandie.com\/wp-content\/uploads\/2024\/02\/logo-christophe-sarlandie-architecte-dinterieur.svg","width":566,"height":279,"caption":"Christophe Sarlandie"},"image":{"@id":"https:\/\/christophesarlandie.com\/en\/#\/schema\/logo\/image\/"}}]}},"_links":{"self":[{"href":"https:\/\/christophesarlandie.com\/en\/wp-json\/wp\/v2\/pages\/2500","targetHints":{"allow":["GET"]}}],"collection":[{"href":"https:\/\/christophesarlandie.com\/en\/wp-json\/wp\/v2\/pages"}],"about":[{"href":"https:\/\/christophesarlandie.com\/en\/wp-json\/wp\/v2\/types\/page"}],"author":[{"embeddable":true,"href":"https:\/\/christophesarlandie.com\/en\/wp-json\/wp\/v2\/users\/1"}],"replies":[{"embeddable":true,"href":"https:\/\/christophesarlandie.com\/en\/wp-json\/wp\/v2\/comments?post=2500"}],"version-history":[{"count":21,"href":"https:\/\/christophesarlandie.com\/en\/wp-json\/wp\/v2\/pages\/2500\/revisions"}],"predecessor-version":[{"id":6098,"href":"https:\/\/christophesarlandie.com\/en\/wp-json\/wp\/v2\/pages\/2500\/revisions\/6098"}],"wp:featuredmedia":[{"embeddable":true,"href":"https:\/\/christophesarlandie.com\/en\/wp-json\/wp\/v2\/media\/599"}],"wp:attachment":[{"href":"https:\/\/christophesarlandie.com\/en\/wp-json\/wp\/v2\/media?parent=2500"}],"curies":[{"name":"wp","href":"https:\/\/api.w.org\/{rel}","templated":true}]}}